{"id":501,"date":"2016-09-27T15:47:43","date_gmt":"2016-09-27T15:47:43","guid":{"rendered":"http:\/\/fitness2.mythemecloud.io\/?page_id=501"},"modified":"2025-07-29T09:31:19","modified_gmt":"2025-07-29T09:31:19","slug":"outputs","status":"publish","type":"page","link":"https:\/\/slsim.eap.gr\/?page_id=501","title":{"rendered":"Outputs"},"content":{"rendered":"\t\t<div data-elementor-type=\"wp-post\" data-elementor-id=\"501\" class=\"elementor elementor-501\">\n\t\t\t\t<div class=\"elementor-element elementor-element-7cf083d e-flex e-con-boxed e-con e-parent\" data-id=\"7cf083d\" data-element_type=\"container\" data-e-type=\"container\">\n\t\t\t\t\t<div class=\"e-con-inner\">\n\t\t\t\t<div class=\"elementor-element elementor-element-981fc19 elementor-widget elementor-widget-heading\" data-id=\"981fc19\" data-element_type=\"widget\" data-e-type=\"widget\" data-widget_type=\"heading.default\">\n\t\t\t\t<div class=\"elementor-widget-container\">\n\t\t\t\t\t<h2 class=\"elementor-heading-title elementor-size-default\">Outputs<\/h2>\t\t\t\t<\/div>\n\t\t\t\t<\/div>\n\t\t\t\t\t<\/div>\n\t\t\t\t<\/div>\n\t\t<div class=\"elementor-element elementor-element-fe69441 e-flex e-con-boxed e-con e-parent\" data-id=\"fe69441\" data-element_type=\"container\" data-e-type=\"container\">\n\t\t\t\t\t<div class=\"e-con-inner\">\n\t\t\t\t<div class=\"elementor-element elementor-element-9980b73 elementor-widget-divider--view-line elementor-widget elementor-widget-divider\" data-id=\"9980b73\" data-element_type=\"widget\" data-e-type=\"widget\" data-widget_type=\"divider.default\">\n\t\t\t\t<div class=\"elementor-widget-container\">\n\t\t\t\t\t\t\t<div class=\"elementor-divider\">\n\t\t\t<span class=\"elementor-divider-separator\">\n\t\t\t\t\t\t<\/span>\n\t\t<\/div>\n\t\t\t\t\t\t<\/div>\n\t\t\t\t<\/div>\n\t\t\t\t\t<\/div>\n\t\t\t\t<\/div>\n\t\t<div class=\"elementor-element elementor-element-d7c7841 e-flex e-con-boxed e-con e-parent\" data-id=\"d7c7841\" data-element_type=\"container\" data-e-type=\"container\">\n\t\t\t\t\t<div class=\"e-con-inner\">\n\t\t\t\t<div class=\"elementor-element elementor-element-af5d143 elementor-widget elementor-widget-heading\" data-id=\"af5d143\" data-element_type=\"widget\" data-e-type=\"widget\" data-widget_type=\"heading.default\">\n\t\t\t\t<div class=\"elementor-widget-container\">\n\t\t\t\t\t<h1 class=\"elementor-heading-title elementor-size-default\">Course and Lab Development<\/h1>\t\t\t\t<\/div>\n\t\t\t\t<\/div>\n\t\t\t\t\t<\/div>\n\t\t\t\t<\/div>\n\t\t<div class=\"elementor-element elementor-element-a1bc979 e-flex e-con-boxed e-con e-parent\" data-id=\"a1bc979\" data-element_type=\"container\" data-e-type=\"container\">\n\t\t\t\t\t<div class=\"e-con-inner\">\n\t\t\t\t<div class=\"elementor-element elementor-element-3db5ac2 elementor-widget elementor-widget-heading\" data-id=\"3db5ac2\" data-element_type=\"widget\" data-e-type=\"widget\" data-widget_type=\"heading.default\">\n\t\t\t\t<div class=\"elementor-widget-container\">\n\t\t\t\t\t<h3 class=\"elementor-heading-title elementor-size-default\">Developed Courses<\/h3>\t\t\t\t<\/div>\n\t\t\t\t<\/div>\n\t\t\t\t<div class=\"elementor-element elementor-element-2ea935d elementor-widget elementor-widget-text-editor\" data-id=\"2ea935d\" data-element_type=\"widget\" data-e-type=\"widget\" data-widget_type=\"text-editor.default\">\n\t\t\t\t<div class=\"elementor-widget-container\">\n\t\t\t\t\t\t\t\t\t<p>&#8211;\u00a0<a href=\"http:\/\/slsim.eap.gr\/wp-content\/uploads\/2024\/09\/Plano-Tematico-de-Luminotecnia_UR.docx\">Plano Tematico de Luminotecnia_UR<\/a><br \/>&#8211;\u00a0<a href=\"https:\/\/slsim.eap.gr\/wp-content\/uploads\/2025\/07\/Plano_Tematico_de_Introducao_a_luminotecnia_UR.pdf\">Plano_Tem\u00e1tico_de_Introdu\u00e7\u00e3o_a_luminotecnia_UR<\/a><br \/><span style=\"font-size: 15px; text-align: var(--text-align);\">&#8211;\u00a0<\/span><a style=\"font-size: 15px; text-align: var(--text-align); background-color: #ffffff;\" href=\"https:\/\/slsim.eap.gr\/wp-content\/uploads\/2025\/07\/Thematic-Plan-for-Introduction-to-Luminotechnics_ISPS-.pdf\">Thematic Plan for Introduction to Luminotechnics_ISPS<\/a><br \/><span style=\"font-size: 15px; text-align: var(--text-align);\">&#8211;\u00a0<\/span><a style=\"font-size: 15px; text-align: var(--text-align); background-color: #ffffff;\" href=\"http:\/\/slsim.eap.gr\/wp-content\/uploads\/2024\/09\/Thematic-Plan-for-Lighting-Technology-ISPS.pdf\">Thematic Plan for Lighting Technology ISPS<\/a><\/p><p>&#8212;&#8212;&#8212;&#8212;&#8212;&#8212;&#8212;&#8212;&#8212;&#8212;&#8212;&#8212;&#8212;&#8212;&#8212;&#8212;&#8211;<\/p><p><a href=\"https:\/\/slsim.eap.gr\/wp-content\/uploads\/2025\/07\/Luminotecnia.pdf\">Lecture slides &#8211; Luminotecnia<\/a><\/p><p><a href=\"https:\/\/slsim.eap.gr\/wp-content\/uploads\/2025\/07\/Introducao_a_luminotecnia.pdf\">Lecture slides &#8211; Introdu\u00e7\u00e3o_a_luminotecnia<\/a><\/p>\t\t\t\t\t\t\t\t<\/div>\n\t\t\t\t<\/div>\n\t\t\t\t\t<\/div>\n\t\t\t\t<\/div>\n\t\t<div class=\"elementor-element elementor-element-2a5ad14 e-flex e-con-boxed e-con e-parent\" data-id=\"2a5ad14\" data-element_type=\"container\" data-e-type=\"container\">\n\t\t\t\t\t<div class=\"e-con-inner\">\n\t\t\t\t<div class=\"elementor-element elementor-element-ccf7531 elementor-widget elementor-widget-heading\" data-id=\"ccf7531\" data-element_type=\"widget\" data-e-type=\"widget\" data-widget_type=\"heading.default\">\n\t\t\t\t<div class=\"elementor-widget-container\">\n\t\t\t\t\t<h3 class=\"elementor-heading-title elementor-size-default\">Developed Labs<\/h3>\t\t\t\t<\/div>\n\t\t\t\t<\/div>\n\t\t\t\t\t<\/div>\n\t\t\t\t<\/div>\n\t\t<div class=\"elementor-element elementor-element-95bf26e e-flex e-con-boxed e-con e-parent\" data-id=\"95bf26e\" data-element_type=\"container\" data-e-type=\"container\">\n\t\t\t\t\t<div class=\"e-con-inner\">\n\t\t\t\t<div class=\"elementor-element elementor-element-d4c434d elementor-widget-divider--view-line elementor-widget elementor-widget-divider\" data-id=\"d4c434d\" data-element_type=\"widget\" data-e-type=\"widget\" data-widget_type=\"divider.default\">\n\t\t\t\t<div class=\"elementor-widget-container\">\n\t\t\t\t\t\t\t<div class=\"elementor-divider\">\n\t\t\t<span class=\"elementor-divider-separator\">\n\t\t\t\t\t\t<\/span>\n\t\t<\/div>\n\t\t\t\t\t\t<\/div>\n\t\t\t\t<\/div>\n\t\t\t\t\t<\/div>\n\t\t\t\t<\/div>\n\t\t<div class=\"elementor-element elementor-element-04f23e3 e-flex e-con-boxed e-con e-parent\" data-id=\"04f23e3\" data-element_type=\"container\" data-e-type=\"container\">\n\t\t\t\t\t<div class=\"e-con-inner\">\n\t\t\t\t<div class=\"elementor-element elementor-element-ba5dde1 elementor-widget elementor-widget-heading\" data-id=\"ba5dde1\" data-element_type=\"widget\" data-e-type=\"widget\" data-widget_type=\"heading.default\">\n\t\t\t\t<div class=\"elementor-widget-container\">\n\t\t\t\t\t<h1 class=\"elementor-heading-title elementor-size-default\">Reports\/Documents\/Publications<\/h1>\t\t\t\t<\/div>\n\t\t\t\t<\/div>\n\t\t\t\t\t<\/div>\n\t\t\t\t<\/div>\n\t\t<div class=\"elementor-element elementor-element-75bfa95 e-flex e-con-boxed e-con e-parent\" data-id=\"75bfa95\" data-element_type=\"container\" data-e-type=\"container\">\n\t\t\t\t\t<div class=\"e-con-inner\">\n\t\t\t\t<div class=\"elementor-element elementor-element-51df7b3 elementor-widget elementor-widget-heading\" data-id=\"51df7b3\" data-element_type=\"widget\" data-e-type=\"widget\" data-widget_type=\"heading.default\">\n\t\t\t\t<div class=\"elementor-widget-container\">\n\t\t\t\t\t<h3 class=\"elementor-heading-title elementor-size-default\">Reports<\/h3>\t\t\t\t<\/div>\n\t\t\t\t<\/div>\n\t\t\t\t\t<\/div>\n\t\t\t\t<\/div>\n\t\t<div class=\"elementor-element elementor-element-e76921e e-flex e-con-boxed e-con e-parent\" data-id=\"e76921e\" data-element_type=\"container\" data-e-type=\"container\">\n\t\t\t\t\t<div class=\"e-con-inner\">\n\t\t\t\t<div class=\"elementor-element elementor-element-17bb6fe elementor-widget elementor-widget-text-editor\" data-id=\"17bb6fe\" data-element_type=\"widget\" data-e-type=\"widget\" data-widget_type=\"text-editor.default\">\n\t\t\t\t<div class=\"elementor-widget-container\">\n\t\t\t\t\t\t\t\t\t<p>&#8211;\u00a0<a href=\"http:\/\/slsim.eap.gr\/wp-content\/uploads\/2024\/09\/SLSIM-brochure.pdf\">SLSIM brochure<\/a><br \/>&#8211;\u00a0<a href=\"http:\/\/slsim.eap.gr\/wp-content\/uploads\/2024\/09\/Need-Assessment-Report.pdf\">Need Assessment Report<\/a><\/p>\t\t\t\t\t\t\t\t<\/div>\n\t\t\t\t<\/div>\n\t\t\t\t\t<\/div>\n\t\t\t\t<\/div>\n\t\t<div class=\"elementor-element elementor-element-757b74e e-flex e-con-boxed e-con e-parent\" data-id=\"757b74e\" data-element_type=\"container\" data-e-type=\"container\">\n\t\t\t\t\t<div class=\"e-con-inner\">\n\t\t\t\t<div class=\"elementor-element elementor-element-f9f99a0 elementor-widget elementor-widget-heading\" data-id=\"f9f99a0\" data-element_type=\"widget\" data-e-type=\"widget\" data-widget_type=\"heading.default\">\n\t\t\t\t<div class=\"elementor-widget-container\">\n\t\t\t\t\t<h3 class=\"elementor-heading-title elementor-size-default\">Dissemination materials<\/h3>\t\t\t\t<\/div>\n\t\t\t\t<\/div>\n\t\t\t\t\t<\/div>\n\t\t\t\t<\/div>\n\t\t<div class=\"elementor-element elementor-element-b488eec e-flex e-con-boxed e-con e-parent\" data-id=\"b488eec\" data-element_type=\"container\" data-e-type=\"container\">\n\t\t\t\t\t<div class=\"e-con-inner\">\n\t\t\t\t<div class=\"elementor-element elementor-element-578cc99 elementor-widget elementor-widget-heading\" data-id=\"578cc99\" data-element_type=\"widget\" data-e-type=\"widget\" data-widget_type=\"heading.default\">\n\t\t\t\t<div class=\"elementor-widget-container\">\n\t\t\t\t\t<h3 class=\"elementor-heading-title elementor-size-default\">Evaluation Reports<\/h3>\t\t\t\t<\/div>\n\t\t\t\t<\/div>\n\t\t\t\t\t<\/div>\n\t\t\t\t<\/div>\n\t\t<div class=\"elementor-element elementor-element-31fae4e e-flex e-con-boxed e-con e-parent\" data-id=\"31fae4e\" data-element_type=\"container\" data-e-type=\"container\">\n\t\t\t\t\t<div class=\"e-con-inner\">\n\t\t\t\t<div class=\"elementor-element elementor-element-6cee611 elementor-widget-divider--view-line elementor-widget elementor-widget-divider\" data-id=\"6cee611\" data-element_type=\"widget\" data-e-type=\"widget\" data-widget_type=\"divider.default\">\n\t\t\t\t<div class=\"elementor-widget-container\">\n\t\t\t\t\t\t\t<div class=\"elementor-divider\">\n\t\t\t<span class=\"elementor-divider-separator\">\n\t\t\t\t\t\t<\/span>\n\t\t<\/div>\n\t\t\t\t\t\t<\/div>\n\t\t\t\t<\/div>\n\t\t\t\t\t<\/div>\n\t\t\t\t<\/div>\n\t\t<div class=\"elementor-element elementor-element-d51466f e-flex e-con-boxed e-con e-parent\" data-id=\"d51466f\" data-element_type=\"container\" data-e-type=\"container\">\n\t\t\t\t\t<div class=\"e-con-inner\">\n\t\t\t\t<div class=\"elementor-element elementor-element-a1dfc82 elementor-widget elementor-widget-heading\" data-id=\"a1dfc82\" data-element_type=\"widget\" data-e-type=\"widget\" data-widget_type=\"heading.default\">\n\t\t\t\t<div class=\"elementor-widget-container\">\n\t\t\t\t\t<h1 class=\"elementor-heading-title elementor-size-default\">Workshop\/Training program<\/h1>\t\t\t\t<\/div>\n\t\t\t\t<\/div>\n\t\t\t\t\t<\/div>\n\t\t\t\t<\/div>\n\t\t<div class=\"elementor-element elementor-element-42c9acd e-flex e-con-boxed e-con e-parent\" data-id=\"42c9acd\" data-element_type=\"container\" data-e-type=\"container\">\n\t\t\t\t\t<div class=\"e-con-inner\">\n\t\t\t\t<div class=\"elementor-element elementor-element-3193617 elementor-widget elementor-widget-text-editor\" data-id=\"3193617\" data-element_type=\"widget\" data-e-type=\"widget\" data-widget_type=\"text-editor.default\">\n\t\t\t\t<div class=\"elementor-widget-container\">\n\t\t\t\t\t\t\t\t\t<p><a href=\"https:\/\/slsim.eap.gr\/wp-content\/uploads\/2025\/06\/Need-assessment-preparation-workshop-Tete-Mozambique-Dec-11-2023.pdf\">Need assessment preparation workshop, Tete, Mozambique, Dec 11, 2023<\/a>\u00a0<\/p><p><a href=\"https:\/\/slsim.eap.gr\/wp-content\/uploads\/2025\/06\/Course-development-workshop-Athens-April-25-2024.pdf\">Course development workshop, Athens, April 25, 2024<\/a>\u00a0<\/p><p><a href=\"https:\/\/slsim.eap.gr\/wp-content\/uploads\/2025\/06\/Lab-training-and-teacher-training-Espoo-9-11-Sept-2024.pdf\">Lab training and teacher training, Espoo, 9-11, Sept 2024<\/a>\u00a0<\/p><p><a href=\"https:\/\/slsim.eap.gr\/wp-content\/uploads\/2025\/06\/Online-teacher-training-25-and-27-Feb-2025.pdf\">Online teacher training, 25 and 27 Feb, 2025<\/a><\/p>\t\t\t\t\t\t\t\t<\/div>\n\t\t\t\t<\/div>\n\t\t\t\t\t<\/div>\n\t\t\t\t<\/div>\n\t\t<div class=\"elementor-element elementor-element-76b886f e-flex e-con-boxed e-con e-parent\" data-id=\"76b886f\" data-element_type=\"container\" data-e-type=\"container\">\n\t\t\t\t\t<div class=\"e-con-inner\">\n\t\t\t\t<div class=\"elementor-element elementor-element-fd581a0 elementor-widget-divider--view-line elementor-widget elementor-widget-divider\" data-id=\"fd581a0\" data-element_type=\"widget\" data-e-type=\"widget\" data-widget_type=\"divider.default\">\n\t\t\t\t<div class=\"elementor-widget-container\">\n\t\t\t\t\t\t\t<div class=\"elementor-divider\">\n\t\t\t<span class=\"elementor-divider-separator\">\n\t\t\t\t\t\t<\/span>\n\t\t<\/div>\n\t\t\t\t\t\t<\/div>\n\t\t\t\t<\/div>\n\t\t\t\t\t<\/div>\n\t\t\t\t<\/div>\n\t\t<div class=\"elementor-element elementor-element-4c416c7 e-flex e-con-boxed e-con e-parent\" data-id=\"4c416c7\" data-element_type=\"container\" data-e-type=\"container\">\n\t\t\t\t\t<div class=\"e-con-inner\">\n\t\t\t\t<div class=\"elementor-element elementor-element-6494adf elementor-widget elementor-widget-heading\" data-id=\"6494adf\" data-element_type=\"widget\" data-e-type=\"widget\" data-widget_type=\"heading.default\">\n\t\t\t\t<div class=\"elementor-widget-container\">\n\t\t\t\t\t<h1 class=\"elementor-heading-title elementor-size-default\">Seminars<\/h1>\t\t\t\t<\/div>\n\t\t\t\t<\/div>\n\t\t\t\t\t<\/div>\n\t\t\t\t<\/div>\n\t\t<div class=\"elementor-element elementor-element-618812e e-flex e-con-boxed e-con e-parent\" data-id=\"618812e\" data-element_type=\"container\" data-e-type=\"container\">\n\t\t\t\t\t<div class=\"e-con-inner\">\n\t\t\t\t<div class=\"elementor-element elementor-element-d2cfb89 elementor-widget elementor-widget-text-editor\" data-id=\"d2cfb89\" data-element_type=\"widget\" data-e-type=\"widget\" data-widget_type=\"text-editor.default\">\n\t\t\t\t<div class=\"elementor-widget-container\">\n\t\t\t\t\t\t\t\t\t<p>&#8211;\u00a0<a href=\"https:\/\/slsim.eap.gr\/wp-content\/uploads\/2025\/06\/SLSIM_Awareness-raising-seminar.pdf\">Awareness raising seminar<\/a>, Tete, Mozambique\u00a0<\/p><p>&#8211;\u00a0<a href=\"https:\/\/slsim.eap.gr\/wp-content\/uploads\/2025\/06\/SLSIM_course-testing-seminar.pdf\">Course testing seminar<\/a>, Nampula, Mozambique<\/p>\t\t\t\t\t\t\t\t<\/div>\n\t\t\t\t<\/div>\n\t\t\t\t\t<\/div>\n\t\t\t\t<\/div>\n\t\t\t\t<\/div>\n\t\t","protected":false},"excerpt":{"rendered":"<p>Outputs Course and Lab Development Developed Courses &#8211;\u00a0Plano Tematico de Luminotecnia_UR&#8211;\u00a0Plano_Tem\u00e1tico_de_Introdu\u00e7\u00e3o_a_luminotecnia_UR&#8211;\u00a0Thematic Plan for Introduction to Luminotechnics_ISPS&#8211;\u00a0Thematic Plan for Lighting Technology ISPS &#8212;&#8212;&#8212;&#8212;&#8212;&#8212;&#8212;&#8212;&#8212;&#8212;&#8212;&#8212;&#8212;&#8212;&#8212;&#8212;&#8211; Lecture slides &#8211; Luminotecnia Lecture slides &#8211; Introdu\u00e7\u00e3o_a_luminotecnia Developed Labs Reports\/Documents\/Publications Reports &#8211;\u00a0SLSIM brochure&#8211;\u00a0Need Assessment Report Dissemination materials Evaluation Reports Workshop\/Training program Need assessment preparation workshop, Tete, Mozambique, Dec 11, 2023\u00a0 Course development [&hellip;]<\/p>\n","protected":false},"author":1,"featured_media":0,"parent":0,"menu_order":0,"comment_status":"closed","ping_status":"closed","template":"","meta":{"ocean_post_layout":"full-width","ocean_both_sidebars_style":"","ocean_both_sidebars_content_width":0,"ocean_both_sidebars_sidebars_width":0,"ocean_sidebar":"","ocean_second_sidebar":"","ocean_disable_margins":"enable","ocean_add_body_class":"","ocean_shortcode_before_top_bar":"","ocean_shortcode_after_top_bar":"","ocean_shortcode_before_header":"","ocean_shortcode_after_header":"","ocean_has_shortcode":"","ocean_shortcode_after_title":"","ocean_shortcode_before_footer_widgets":"","ocean_shortcode_after_footer_widgets":"","ocean_shortcode_before_footer_bottom":"","ocean_shortcode_after_footer_bottom":"","ocean_display_top_bar":"default","ocean_display_header":"default","ocean_header_style":"","ocean_center_header_left_menu":"","ocean_custom_header_template":"","ocean_custom_logo":0,"ocean_custom_retina_logo":0,"ocean_custom_logo_max_width":0,"ocean_custom_logo_tablet_max_width":0,"ocean_custom_logo_mobile_max_width":0,"ocean_custom_logo_max_height":0,"ocean_custom_logo_tablet_max_height":0,"ocean_custom_logo_mobile_max_height":0,"ocean_header_custom_menu":"","ocean_menu_typo_font_family":"","ocean_menu_typo_font_subset":"","ocean_menu_typo_font_size":0,"ocean_menu_typo_font_size_tablet":0,"ocean_menu_typo_font_size_mobile":0,"ocean_menu_typo_font_size_unit":"px","ocean_menu_typo_font_weight":"","ocean_menu_typo_font_weight_tablet":"","ocean_menu_typo_font_weight_mobile":"","ocean_menu_typo_transform":"","ocean_menu_typo_transform_tablet":"","ocean_menu_typo_transform_mobile":"","ocean_menu_typo_line_height":0,"ocean_menu_typo_line_height_tablet":0,"ocean_menu_typo_line_height_mobile":0,"ocean_menu_typo_line_height_unit":"","ocean_menu_typo_spacing":0,"ocean_menu_typo_spacing_tablet":0,"ocean_menu_typo_spacing_mobile":0,"ocean_menu_typo_spacing_unit":"","ocean_menu_link_color":"","ocean_menu_link_color_hover":"","ocean_menu_link_color_active":"","ocean_menu_link_background":"","ocean_menu_link_hover_background":"","ocean_menu_link_active_background":"","ocean_menu_social_links_bg":"","ocean_menu_social_hover_links_bg":"","ocean_menu_social_links_color":"","ocean_menu_social_hover_links_color":"","ocean_disable_title":"on","ocean_disable_heading":"default","ocean_post_title":"","ocean_post_subheading":"","ocean_post_title_style":"","ocean_post_title_background_color":"","ocean_post_title_background":0,"ocean_post_title_bg_image_position":"","ocean_post_title_bg_image_attachment":"","ocean_post_title_bg_image_repeat":"","ocean_post_title_bg_image_size":"","ocean_post_title_height":0,"ocean_post_title_bg_overlay":0.5,"ocean_post_title_bg_overlay_color":"","ocean_disable_breadcrumbs":"default","ocean_breadcrumbs_color":"","ocean_breadcrumbs_separator_color":"","ocean_breadcrumbs_links_color":"","ocean_breadcrumbs_links_hover_color":"","ocean_display_footer_widgets":"default","ocean_display_footer_bottom":"default","ocean_custom_footer_template":"","cybocfi_hide_featured_image":"","footnotes":""},"class_list":["post-501","page","type-page","status-publish","hentry","entry"],"_links":{"self":[{"href":"https:\/\/slsim.eap.gr\/index.php?rest_route=\/wp\/v2\/pages\/501","targetHints":{"allow":["GET"]}}],"collection":[{"href":"https:\/\/slsim.eap.gr\/index.php?rest_route=\/wp\/v2\/pages"}],"about":[{"href":"https:\/\/slsim.eap.gr\/index.php?rest_route=\/wp\/v2\/types\/page"}],"author":[{"embeddable":true,"href":"https:\/\/slsim.eap.gr\/index.php?rest_route=\/wp\/v2\/users\/1"}],"replies":[{"embeddable":true,"href":"https:\/\/slsim.eap.gr\/index.php?rest_route=%2Fwp%2Fv2%2Fcomments&post=501"}],"version-history":[{"count":52,"href":"https:\/\/slsim.eap.gr\/index.php?rest_route=\/wp\/v2\/pages\/501\/revisions"}],"predecessor-version":[{"id":1519,"href":"https:\/\/slsim.eap.gr\/index.php?rest_route=\/wp\/v2\/pages\/501\/revisions\/1519"}],"wp:attachment":[{"href":"https:\/\/slsim.eap.gr\/index.php?rest_route=%2Fwp%2Fv2%2Fmedia&parent=501"}],"curies":[{"name":"wp","href":"https:\/\/api.w.org\/{rel}","templated":true}]}}